{"id":609,"date":"2024-09-19T00:18:42","date_gmt":"2024-09-19T00:18:42","guid":{"rendered":"https:\/\/grupoliderviso.com.br\/portasrapidas\/?page_id=609"},"modified":"2026-02-26T19:56:49","modified_gmt":"2026-02-26T19:56:49","slug":"politica-de-privacidade","status":"publish","type":"page","link":"https:\/\/grupoliderviso.com.br\/portasrapidas\/politica-de-privacidade\/","title":{"rendered":"Politica de privacidade"},"content":{"rendered":"\t\t<div data-elementor-type=\"wp-page\" data-elementor-id=\"609\" class=\"elementor elementor-609\">\n\t\t\t\t\t\t\t\t\t<section class=\"elementor-section elementor-top-section elementor-element elementor-element-7a5b2c9 elementor-section-boxed elementor-section-height-default elementor-section-height-default\" data-id=\"7a5b2c9\" data-element_type=\"section\">\n\t\t\t\t\t\t<div class=\"elementor-container elementor-column-gap-default\">\n\t\t\t\t\t<div class=\"elementor-column elementor-col-100 elementor-top-column elementor-element elementor-element-b8d624e\" data-id=\"b8d624e\" data-element_type=\"column\">\n\t\t\t<div class=\"elementor-widget-wrap elementor-element-populated\">\n\t\t\t\t\t\t\t\t<div class=\"elementor-element elementor-element-940bfd8 elementor-widget elementor-widget-text-editor\" data-id=\"940bfd8\" data-element_type=\"widget\" data-widget_type=\"text-editor.default\">\n\t\t\t\t<div class=\"elementor-widget-container\">\n\t\t\t<style>\/*! elementor - v3.12.2 - 23-04-2023 *\/\n.elementor-widget-text-editor.elementor-drop-cap-view-stacked .elementor-drop-cap{background-color:#69727d;color:#fff}.elementor-widget-text-editor.elementor-drop-cap-view-framed .elementor-drop-cap{color:#69727d;border:3px solid;background-color:transparent}.elementor-widget-text-editor:not(.elementor-drop-cap-view-default) .elementor-drop-cap{margin-top:8px}.elementor-widget-text-editor:not(.elementor-drop-cap-view-default) .elementor-drop-cap-letter{width:1em;height:1em}.elementor-widget-text-editor .elementor-drop-cap{float:left;text-align:center;line-height:1;font-size:50px}.elementor-widget-text-editor .elementor-drop-cap-letter{display:inline-block}<\/style>\t\t\t\t<h4>Pol\u00edtica de Privacidade<\/h4><p>A <strong>Grupo Liderviso<\/strong> valoriza sua privacidade e est\u00e1 comprometida em proteger seus dados pessoais. Esta Pol\u00edtica de Privacidade descreve como coletamos, utilizamos, compartilhamos e protegemos suas informa\u00e7\u00f5es.<\/p><h4>1. Coleta de Dados<\/h4><p>N\u00f3s podemos coletar os seguintes tipos de informa\u00e7\u00f5es:<\/p><ul><li><strong>Informa\u00e7\u00f5es pessoais<\/strong>: Nome, e-mail, telefone e endere\u00e7o, fornecidos por voc\u00ea ao preencher nossos formul\u00e1rios de contato ou realizar pedidos.<\/li><li><strong>Informa\u00e7\u00f5es de navega\u00e7\u00e3o<\/strong>: Coletamos dados sobre o uso do site, como endere\u00e7o IP, navegador, tempo de acesso e p\u00e1ginas visitadas, para melhorar sua experi\u00eancia.<\/li><\/ul><h4>2. Uso das Informa\u00e7\u00f5es<\/h4><p>Os dados que coletamos podem ser utilizados para:<\/p><ul><li>Processar suas solicita\u00e7\u00f5es de informa\u00e7\u00f5es ou servi\u00e7os.<\/li><li>Melhorar nossos produtos e servi\u00e7os.<\/li><li>Enviar atualiza\u00e7\u00f5es sobre nossos produtos e ofertas especiais, caso tenha consentido.<\/li><li>Analisar o tr\u00e1fego e o comportamento no site para otimizar o conte\u00fado.<\/li><\/ul><h4>3. Compartilhamento de Informa\u00e7\u00f5es<\/h4><p>N\u00f3s n\u00e3o vendemos, alugamos ou compartilhamos suas informa\u00e7\u00f5es pessoais com terceiros, exceto nas seguintes situa\u00e7\u00f5es:<\/p><ul><li>Quando necess\u00e1rio para o cumprimento de uma obriga\u00e7\u00e3o legal ou regulat\u00f3ria.<\/li><li>Com prestadores de servi\u00e7os terceirizados que nos auxiliam na opera\u00e7\u00e3o do site e na entrega de nossos produtos e servi\u00e7os (por exemplo, servi\u00e7os de hospedagem e processamento de pagamentos).<\/li><\/ul><h4>4. Prote\u00e7\u00e3o de Dados<\/h4><p>Utilizamos medidas de seguran\u00e7a t\u00e9cnicas e organizacionais para proteger seus dados pessoais contra acesso n\u00e3o autorizado, perda, altera\u00e7\u00e3o ou divulga\u00e7\u00e3o.<\/p><h4>5. Cookies<\/h4><p>Nosso site utiliza cookies para melhorar sua experi\u00eancia de navega\u00e7\u00e3o. Cookies s\u00e3o pequenos arquivos de texto armazenados no seu dispositivo. Voc\u00ea pode desativar os cookies diretamente nas configura\u00e7\u00f5es do seu navegador, mas isso pode afetar o funcionamento de algumas partes do site.<\/p><h4>6. Seus Direitos<\/h4><p>Voc\u00ea tem o direito de:<\/p><ul><li>Acessar, corrigir ou excluir suas informa\u00e7\u00f5es pessoais.<\/li><li>Solicitar a portabilidade dos seus dados.<\/li><li>Retirar seu consentimento para o uso de seus dados a qualquer momento.<\/li><li>Solicitar a limita\u00e7\u00e3o do uso de suas informa\u00e7\u00f5es.<\/li><\/ul><h4>7. Altera\u00e7\u00f5es nesta Pol\u00edtica<\/h4><p>Podemos atualizar esta Pol\u00edtica de Privacidade periodicamente. Quaisquer altera\u00e7\u00f5es ser\u00e3o publicadas nesta p\u00e1gina com a data de revis\u00e3o atualizada.<\/p><h4>8. Contato<\/h4><p>Se voc\u00ea tiver d\u00favidas ou desejar exercer seus direitos, entre em contato conosco pelo e-mail: <a href=\"mailto:contato@grupoliderviso.com.br\"><em>contato@grupoliderviso.com.br<\/em><\/a> ou pelo telefone (11) 2677-3213.<\/p><p>\u00daltima atualiza\u00e7\u00e3o: 18 set. 2024<\/p>\t\t\t\t\t\t<\/div>\n\t\t\t\t<\/div>\n\t\t\t\t\t<\/div>\n\t\t<\/div>\n\t\t\t\t\t\t\t<\/div>\n\t\t<\/section>\n\t\t\t\t\t\t\t<\/div>\n\t\t","protected":false},"excerpt":{"rendered":"<p>Pol\u00edtica de Privacidade A Grupo Liderviso valoriza sua privacidade e est\u00e1 comprometida em proteger seus dados pessoais. Esta Pol\u00edtica de Privacidade descreve como coletamos, utilizamos, compartilhamos e protegemos suas informa\u00e7\u00f5es. 1. Coleta de Dados N\u00f3s podemos coletar os seguintes tipos de informa\u00e7\u00f5es: Informa\u00e7\u00f5es pessoais: Nome, e-mail, telefone e endere\u00e7o, fornecidos por voc\u00ea ao preencher nossos [&hellip;]<\/p>\n","protected":false},"author":1,"featured_media":0,"parent":0,"menu_order":0,"comment_status":"closed","ping_status":"closed","template":"","meta":{"footnotes":""},"yst_prominent_words":[],"class_list":["post-609","page","type-page","status-publish","hentry"],"_links":{"self":[{"href":"https:\/\/grupoliderviso.com.br\/portasrapidas\/wp-json\/wp\/v2\/pages\/609","targetHints":{"allow":["GET"]}}],"collection":[{"href":"https:\/\/grupoliderviso.com.br\/portasrapidas\/wp-json\/wp\/v2\/pages"}],"about":[{"href":"https:\/\/grupoliderviso.com.br\/portasrapidas\/wp-json\/wp\/v2\/types\/page"}],"author":[{"embeddable":true,"href":"https:\/\/grupoliderviso.com.br\/portasrapidas\/wp-json\/wp\/v2\/users\/1"}],"replies":[{"embeddable":true,"href":"https:\/\/grupoliderviso.com.br\/portasrapidas\/wp-json\/wp\/v2\/comments?post=609"}],"version-history":[{"count":6,"href":"https:\/\/grupoliderviso.com.br\/portasrapidas\/wp-json\/wp\/v2\/pages\/609\/revisions"}],"predecessor-version":[{"id":634,"href":"https:\/\/grupoliderviso.com.br\/portasrapidas\/wp-json\/wp\/v2\/pages\/609\/revisions\/634"}],"wp:attachment":[{"href":"https:\/\/grupoliderviso.com.br\/portasrapidas\/wp-json\/wp\/v2\/media?parent=609"}],"wp:term":[{"taxonomy":"yst_prominent_words","embeddable":true,"href":"https:\/\/grupoliderviso.com.br\/portasrapidas\/wp-json\/wp\/v2\/yst_prominent_words?post=609"}],"curies":[{"name":"wp","href":"https:\/\/api.w.org\/{rel}","templated":true}]}}